{"id":3012,"date":"2024-11-26T13:52:30","date_gmt":"2024-11-26T11:52:30","guid":{"rendered":"https:\/\/yellowgreen-curlew-256035.hostingersite.com\/?page_id=3012"},"modified":"2025-01-12T22:37:47","modified_gmt":"2025-01-12T20:37:47","slug":"privacy-policy","status":"publish","type":"page","link":"https:\/\/hauz.lt\/en\/privacy-policy\/","title":{"rendered":"Privacy Policy"},"content":{"rendered":"\t\t<div data-elementor-type=\"wp-page\" data-elementor-id=\"3012\" class=\"elementor elementor-3012 elementor-1590\" data-elementor-post-type=\"page\">\n\t\t\t\t<div class=\"elementor-element elementor-element-1873e54 e-flex e-con-boxed e-con e-parent\" data-id=\"1873e54\" data-element_type=\"container\" data-settings=\"{&quot;background_background&quot;:&quot;classic&quot;}\">\n\t\t\t\t\t<div class=\"e-con-inner\">\n\t\t<div class=\"elementor-element elementor-element-80e6567 e-con-full e-flex e-con e-child\" data-id=\"80e6567\" data-element_type=\"container\">\n\t\t\t\t<div class=\"elementor-element elementor-element-024df53 elementor-invisible elementor-widget elementor-widget-heading\" data-id=\"024df53\" data-element_type=\"widget\" data-settings=\"{&quot;_animation&quot;:&quot;fadeInUp&quot;}\" data-widget_type=\"heading.default\">\n\t\t\t\t<div class=\"elementor-widget-container\">\n\t\t\t<h2 class=\"elementor-heading-title elementor-size-default\">Privacy Policy<\/h2>\t\t<\/div>\n\t\t\t\t<\/div>\n\t\t\t\t<div class=\"elementor-element elementor-element-62bcedc elementor-invisible elementor-widget elementor-widget-text-editor\" data-id=\"62bcedc\" data-element_type=\"widget\" data-settings=\"{&quot;_animation&quot;:&quot;fadeInUp&quot;,&quot;_animation_delay&quot;:300}\" data-widget_type=\"text-editor.default\">\n\t\t\t\t<div class=\"elementor-widget-container\">\n\t\t\t\t\t\t\tUAB \u201eHAUZ\u201c (toliau \u2013 \u012emon\u0117 arba mes) gerbia J\u016bs\u0173 privatum\u0105 ir yra \u012fsipareigojusi u\u017etikrinti J\u016bs\u0173 asmens duomen\u0173 apsaug\u0105. \u0160ioje privatumo politikoje paai\u0161kiname, kaip mes renkame, naudojame ir saugome J\u016bs\u0173 asmens duomenis, kai lankot\u0117s m\u016bs\u0173 svetain\u0117je.\t\t\t\t\t\t<\/div>\n\t\t\t\t<\/div>\n\t\t\t\t<div class=\"elementor-element elementor-element-98e095f elementor-invisible elementor-widget elementor-widget-text-editor\" data-id=\"98e095f\" data-element_type=\"widget\" data-settings=\"{&quot;_animation&quot;:&quot;fadeInUp&quot;,&quot;_animation_delay&quot;:600}\" data-widget_type=\"text-editor.default\">\n\t\t\t\t<div class=\"elementor-widget-container\">\n\t\t\t\t\t\t\tJei turite klausim\u0173 apie \u0161i\u0105 privatumo politik\u0105 arba norite pasinaudoti savo teis\u0117mis, pra\u0161ome\nsusisiekti su mumis: El. pa\u0161tas: <a href=\"mailto:info@hauz.lt\">info@hauz.lt<\/a>; Telefonas: <a href=\"tel:+37064222242\">+370 642 22242<\/a>\t\t\t\t\t\t<\/div>\n\t\t\t\t<\/div>\n\t\t\t\t<\/div>\n\t\t\t\t\t<\/div>\n\t\t\t\t<\/div>\n\t\t<div class=\"elementor-element elementor-element-4f69e80 e-flex e-con-boxed e-con e-parent\" data-id=\"4f69e80\" data-element_type=\"container\" data-settings=\"{&quot;background_background&quot;:&quot;classic&quot;}\">\n\t\t\t\t\t<div class=\"e-con-inner\">\n\t\t\t\t<div class=\"elementor-element elementor-element-942e985 elementor-widget elementor-widget-text-editor\" data-id=\"942e985\" data-element_type=\"widget\" data-widget_type=\"text-editor.default\">\n\t\t\t\t<div class=\"elementor-widget-container\">\n\t\t\t\t\t\t\t1. Kokius duomenis renkame?\t\t\t\t\t\t<\/div>\n\t\t\t\t<\/div>\n\t\t\t\t<div class=\"elementor-element elementor-element-de1618d elementor-widget elementor-widget-text-editor\" data-id=\"de1618d\" data-element_type=\"widget\" data-widget_type=\"text-editor.default\">\n\t\t\t\t<div class=\"elementor-widget-container\">\n\t\t\t\t\t\t\t<p>Mes galime rinkti \u0161iuos J\u016bs\u0173 duomenis:<br \/>\u25cf Asmenin\u0119 informacij\u0105: vard\u0105, pavard\u0119, el. pa\u0161to adres\u0105, telefono numer\u012f, kai<br \/>pateikiate u\u017eklaus\u0105 per m\u016bs\u0173 svetain\u0119.<br \/>\u25cf Technin\u0119 informacij\u0105: IP adres\u0105, nar\u0161ykl\u0117s tip\u0105, naudojam\u0105 \u012frengin\u012f, apsilankym\u0173<br \/>statistik\u0105 (naudojant slapukus).<br \/>\u25cf Duomenis apie u\u017eklausas: informacij\u0105, kuri\u0105 pateikiate per kontaktin\u0119 form\u0105 arba<br \/>susisiekiant su mumis el. pa\u0161tu.<\/p>\t\t\t\t\t\t<\/div>\n\t\t\t\t<\/div>\n\t\t\t\t<div class=\"elementor-element elementor-element-d2ab494 elementor-widget elementor-widget-text-editor\" data-id=\"d2ab494\" data-element_type=\"widget\" data-widget_type=\"text-editor.default\">\n\t\t\t\t<div class=\"elementor-widget-container\">\n\t\t\t\t\t\t\t2. Kaip naudojame J\u016bs\u0173 duomenis?\n\t\t\t\t\t\t<\/div>\n\t\t\t\t<\/div>\n\t\t\t\t<div class=\"elementor-element elementor-element-ad31b41 elementor-widget elementor-widget-text-editor\" data-id=\"ad31b41\" data-element_type=\"widget\" data-widget_type=\"text-editor.default\">\n\t\t\t\t<div class=\"elementor-widget-container\">\n\t\t\t\t\t\t\tJ\u016bs\u0173 duomenys yra naudojami:<br>\n\u25cf Atsakymui \u012f J\u016bs\u0173 u\u017eklausas ir suteikiant reikiam\u0105 informacij\u0105;<br>\n\u25cf Siekiant gerinti m\u016bs\u0173 svetain\u0117s veikim\u0105 ir jos funkcionalum\u0105;<br>\n\u25cf Administruojant svetain\u0119 ir u\u017etikrinant jos saugum\u0105;<br>\n\u25cf Teisin\u0117ms prievol\u0117ms vykdyti (jei b\u016btina).\t\t\t\t\t\t<\/div>\n\t\t\t\t<\/div>\n\t\t\t\t<div class=\"elementor-element elementor-element-2eb56ba elementor-widget elementor-widget-text-editor\" data-id=\"2eb56ba\" data-element_type=\"widget\" data-widget_type=\"text-editor.default\">\n\t\t\t\t<div class=\"elementor-widget-container\">\n\t\t\t\t\t\t\t3. Duomen\u0173 saugojimas\t\t\t\t\t\t<\/div>\n\t\t\t\t<\/div>\n\t\t\t\t<div class=\"elementor-element elementor-element-19e10fa elementor-widget elementor-widget-text-editor\" data-id=\"19e10fa\" data-element_type=\"widget\" data-widget_type=\"text-editor.default\">\n\t\t\t\t<div class=\"elementor-widget-container\">\n\t\t\t\t\t\t\tMes saugosime J\u016bs\u0173 duomenis tik tiek, kiek tai yra b\u016btina:<br>\n\u25cf J\u016bs\u0173 u\u017eklaus\u0173 sprendimui;<br>\n\u25cf Teisini\u0173 reikalavim\u0173 vykdymui;<br>\n\u25cf Techniniams tikslams.<br>\nPasibaigus \u0161iam laikotarpiui, J\u016bs\u0173 duomenys bus saugiai i\u0161trinti arba anonimizuoti.\t\t\t\t\t\t<\/div>\n\t\t\t\t<\/div>\n\t\t\t\t<div class=\"elementor-element elementor-element-0dee273 elementor-widget elementor-widget-text-editor\" data-id=\"0dee273\" data-element_type=\"widget\" data-widget_type=\"text-editor.default\">\n\t\t\t\t<div class=\"elementor-widget-container\">\n\t\t\t\t\t\t\t4. Kam perduodame J\u016bs\u0173 duomenis?\t\t\t\t\t\t<\/div>\n\t\t\t\t<\/div>\n\t\t\t\t<div class=\"elementor-element elementor-element-c1512dc elementor-widget elementor-widget-text-editor\" data-id=\"c1512dc\" data-element_type=\"widget\" data-widget_type=\"text-editor.default\">\n\t\t\t\t<div class=\"elementor-widget-container\">\n\t\t\t\t\t\t\tJ\u016bs\u0173 asmens duomen\u0173 tre\u010diosioms \u0161alims neperduodame, i\u0161skyrus \u0161iuos atvejus:<br>\n\u25cf Jei tai reikalinga teisini\u0173 prievoli\u0173 vykdymui;<br>\n\u25cf Jei bendradarbiaujame su technini\u0173 paslaug\u0173 tiek\u0117jais (pvz., svetain\u0117s prie\u017ei\u016brai),\nkurie yra \u012fsipareigoj\u0119 u\u017etikrinti duomen\u0173 saugum\u0105.\t\t\t\t\t\t<\/div>\n\t\t\t\t<\/div>\n\t\t\t\t<div class=\"elementor-element elementor-element-2e52b2e elementor-widget elementor-widget-text-editor\" data-id=\"2e52b2e\" data-element_type=\"widget\" data-widget_type=\"text-editor.default\">\n\t\t\t\t<div class=\"elementor-widget-container\">\n\t\t\t\t\t\t\t5. Slapukai (Cookies)\t\t\t\t\t\t<\/div>\n\t\t\t\t<\/div>\n\t\t\t\t<div class=\"elementor-element elementor-element-ed4da82 elementor-widget elementor-widget-text-editor\" data-id=\"ed4da82\" data-element_type=\"widget\" data-widget_type=\"text-editor.default\">\n\t\t\t\t<div class=\"elementor-widget-container\">\n\t\t\t\t\t\t\tMes naudojame slapukus, siekdami pagerinti J\u016bs\u0173 nar\u0161ymo patirt\u012f m\u016bs\u0173 svetain\u0117je.\nSlapukai yra ma\u017ei failai, kurie \u012fra\u0161omi J\u016bs\u0173 nar\u0161ykl\u0117je ir leid\u017eia mums atpa\u017einti J\u016bs\u0173 \u012frengin\u012f.<br>\nKokius slapukus naudojame?<br>\n\u25cf B\u016btinus slapukus: u\u017etikrina pagrindines svetain\u0117s funkcijas.<br>\n\u25cf Analitinius slapukus: padeda mums suprasti, kaip lankytojai naudojasi m\u016bs\u0173\nsvetaine.\nGalite valdyti slapuk\u0173 naudojim\u0105 per savo nar\u0161ykl\u0117s nustatymus.\t\t\t\t\t\t<\/div>\n\t\t\t\t<\/div>\n\t\t\t\t<div class=\"elementor-element elementor-element-76dd34a elementor-widget elementor-widget-text-editor\" data-id=\"76dd34a\" data-element_type=\"widget\" data-widget_type=\"text-editor.default\">\n\t\t\t\t<div class=\"elementor-widget-container\">\n\t\t\t\t\t\t\t6. J\u016bs\u0173 teis\u0117s\t\t\t\t\t\t<\/div>\n\t\t\t\t<\/div>\n\t\t\t\t<div class=\"elementor-element elementor-element-a4ff4ea elementor-widget elementor-widget-text-editor\" data-id=\"a4ff4ea\" data-element_type=\"widget\" data-widget_type=\"text-editor.default\">\n\t\t\t\t<div class=\"elementor-widget-container\">\n\t\t\t\t\t\t\tJ\u016bs turite \u0161ias teises d\u0117l savo asmens duomen\u0173:<br>\n\u25cf Teis\u0119 susipa\u017einti: su\u017einoti, kokius duomenis apie Jus tvarkome;<br>\n\u25cf Teis\u0119 taisyti: netikslius ar nei\u0161samius duomenis;<br>\n\u25cf Teis\u0119 i\u0161trinti (\u201eteis\u0117 b\u016bti pamir\u0161tam\u201c): kai duomenys nebereikalingi;<br>\n\u25cf Teis\u0119 apriboti tvarkym\u0105: tam tikrais atvejais;<br>\n\u25cf Teis\u0119 nesutikti: kai duomenys tvarkomi teis\u0117tu interesu pagrindu;<br>\n\u25cf Teis\u0119 \u012f duomen\u0173 perkeliamum\u0105: gauti savo duomenis \u012fprastai naudojamu formatu.<br>\nNor\u0117dami pasinaudoti savo teis\u0117mis, kreipkit\u0117s \u012f mus el. pa\u0161tu info@pavilniosvajos.lt.\t\t\t\t\t\t<\/div>\n\t\t\t\t<\/div>\n\t\t\t\t<div class=\"elementor-element elementor-element-3aed20c elementor-widget elementor-widget-text-editor\" data-id=\"3aed20c\" data-element_type=\"widget\" data-widget_type=\"text-editor.default\">\n\t\t\t\t<div class=\"elementor-widget-container\">\n\t\t\t\t\t\t\t7. Kaip u\u017etikriname J\u016bs\u0173 duomen\u0173 saugum\u0105?\t\t\t\t\t\t<\/div>\n\t\t\t\t<\/div>\n\t\t\t\t<div class=\"elementor-element elementor-element-dc7c69e elementor-widget elementor-widget-text-editor\" data-id=\"dc7c69e\" data-element_type=\"widget\" data-widget_type=\"text-editor.default\">\n\t\t\t\t<div class=\"elementor-widget-container\">\n\t\t\t\t\t\t\tMes naudojame \u012fvairias technines ir organizacines priemones, kad u\u017etikrintume J\u016bs\u0173\nduomen\u0173 apsaug\u0105 nuo neteis\u0117tos prieigos, praradimo ar netinkamo naudojimo.\t\t\t\t\t\t<\/div>\n\t\t\t\t<\/div>\n\t\t\t\t<div class=\"elementor-element elementor-element-61cc681 elementor-widget elementor-widget-text-editor\" data-id=\"61cc681\" data-element_type=\"widget\" data-widget_type=\"text-editor.default\">\n\t\t\t\t<div class=\"elementor-widget-container\">\n\t\t\t\t\t\t\t8. Privatumo politikos atnaujinimai\t\t\t\t\t\t<\/div>\n\t\t\t\t<\/div>\n\t\t\t\t<div class=\"elementor-element elementor-element-6b415fb elementor-widget elementor-widget-text-editor\" data-id=\"6b415fb\" data-element_type=\"widget\" data-widget_type=\"text-editor.default\">\n\t\t\t\t<div class=\"elementor-widget-container\">\n\t\t\t\t\t\t\tMes galime keisti \u0161i\u0105 privatumo politik\u0105, kad ji atitikt\u0173 teis\u0117s akt\u0173 reikalavimus ar m\u016bs\u0173\npaslaug\u0173 poky\u010dius. Naujausia privatumo politikos versija visada bus paskelbta m\u016bs\u0173\nsvetain\u0117je.\t\t\t\t\t\t<\/div>\n\t\t\t\t<\/div>\n\t\t\t\t<div class=\"elementor-element elementor-element-1156afe elementor-widget elementor-widget-text-editor\" data-id=\"1156afe\" data-element_type=\"widget\" data-widget_type=\"text-editor.default\">\n\t\t\t\t<div class=\"elementor-widget-container\">\n\t\t\t\t\t\t\tJei turite klausim\u0173 ar r\u016bpes\u010di\u0173, susisiekite su mumis el. pa\u0161tu <a href=\"mailto:info@hauz.lt\">info@hauz.lt<\/a> arba\ntelefonu <a href=\"tel:+37064222242\">+370 642 22242<\/a>.\t\t\t\t\t\t<\/div>\n\t\t\t\t<\/div>\n\t\t\t\t\t<\/div>\n\t\t\t\t<\/div>\n\t\t\t\t<\/div>\n\t\t","protected":false},"excerpt":{"rendered":"<p>Privacy Policy UAB \u201eHAUZ\u201c (toliau \u2013 \u012emon\u0117 arba mes) gerbia J\u016bs\u0173 privatum\u0105 ir yra \u012fsipareigojusi u\u017etikrinti J\u016bs\u0173 asmens duomen\u0173 apsaug\u0105. [&hellip;]<\/p>\n","protected":false},"author":1,"featured_media":0,"parent":0,"menu_order":0,"comment_status":"closed","ping_status":"closed","template":"","meta":{"_acf_changed":false,"site-sidebar-layout":"no-sidebar","site-content-layout":"","ast-site-content-layout":"full-width-container","site-content-style":"default","site-sidebar-style":"default","ast-global-header-display":"","ast-banner-title-visibility":"","ast-main-header-display":"","ast-hfb-above-header-display":"","ast-hfb-below-header-display":"","ast-hfb-mobile-header-display":"","site-post-title":"disabled","ast-breadcrumbs-content":"","ast-featured-img":"disabled","footer-sml-layout":"","theme-transparent-header-meta":"","adv-header-id-meta":"","stick-header-meta":"","header-above-stick-meta":"","header-main-stick-meta":"","header-below-stick-meta":"","astra-migrate-meta-layouts":"default","ast-page-background-enabled":"default","ast-page-background-meta":{"desktop":{"background-color":"var(--ast-global-color-4)","background-image":"","background-repeat":"repeat","background-position":"center center","background-size":"auto","background-attachment":"scroll","background-type":"","background-media":"","overlay-type":"","overlay-color":"","overlay-opacity":"","overlay-gradient":""},"tablet":{"background-color":"","background-image":"","background-repeat":"repeat","background-position":"center center","background-size":"auto","background-attachment":"scroll","background-type":"","background-media":"","overlay-type":"","overlay-color":"","overlay-opacity":"","overlay-gradient":""},"mobile":{"background-color":"","background-image":"","background-repeat":"repeat","background-position":"center center","background-size":"auto","background-attachment":"scroll","background-type":"","background-media":"","overlay-type":"","overlay-color":"","overlay-opacity":"","overlay-gradient":""}},"ast-content-background-meta":{"desktop":{"background-color":"var(--ast-global-color-5)","background-image":"","background-repeat":"repeat","background-position":"center center","background-size":"auto","background-attachment":"scroll","background-type":"","background-media":"","overlay-type":"","overlay-color":"","overlay-opacity":"","overlay-gradient":""},"tablet":{"background-color":"var(--ast-global-color-5)","background-image":"","background-repeat":"repeat","background-position":"center center","background-size":"auto","background-attachment":"scroll","background-type":"","background-media":"","overlay-type":"","overlay-color":"","overlay-opacity":"","overlay-gradient":""},"mobile":{"background-color":"var(--ast-global-color-5)","background-image":"","background-repeat":"repeat","background-position":"center center","background-size":"auto","background-attachment":"scroll","background-type":"","background-media":"","overlay-type":"","overlay-color":"","overlay-opacity":"","overlay-gradient":""}},"footnotes":""},"class_list":["post-3012","page","type-page","status-publish","hentry"],"acf":[],"_links":{"self":[{"href":"https:\/\/hauz.lt\/en\/wp-json\/wp\/v2\/pages\/3012","targetHints":{"allow":["GET"]}}],"collection":[{"href":"https:\/\/hauz.lt\/en\/wp-json\/wp\/v2\/pages"}],"about":[{"href":"https:\/\/hauz.lt\/en\/wp-json\/wp\/v2\/types\/page"}],"author":[{"embeddable":true,"href":"https:\/\/hauz.lt\/en\/wp-json\/wp\/v2\/users\/1"}],"replies":[{"embeddable":true,"href":"https:\/\/hauz.lt\/en\/wp-json\/wp\/v2\/comments?post=3012"}],"version-history":[{"count":13,"href":"https:\/\/hauz.lt\/en\/wp-json\/wp\/v2\/pages\/3012\/revisions"}],"predecessor-version":[{"id":3448,"href":"https:\/\/hauz.lt\/en\/wp-json\/wp\/v2\/pages\/3012\/revisions\/3448"}],"wp:attachment":[{"href":"https:\/\/hauz.lt\/en\/wp-json\/wp\/v2\/media?parent=3012"}],"curies":[{"name":"wp","href":"https:\/\/api.w.org\/{rel}","templated":true}]}}